{"id":1224,"date":"2021-09-03T16:48:02","date_gmt":"2021-09-03T16:48:02","guid":{"rendered":"http:\/\/californiadulcedoodles.com\/index.php\/home-2\/"},"modified":"2025-02-10T16:41:57","modified_gmt":"2025-02-10T16:41:57","slug":"principal","status":"publish","type":"page","link":"https:\/\/californiadulcedoodles.com\/index.php\/principal\/","title":{"rendered":"Principal"},"content":{"rendered":"\n<div class=\"wp-block-media-text alignfull has-media-on-the-right is-stacked-on-mobile is-image-fill\"><figure class=\"wp-block-media-text__media\" style=\"background-image:url(http:\/\/californiadulcedoodles.com\/wp-content\/uploads\/2021\/09\/fam-e1630703865173-1024x684.jpg?v=1631332495);background-position:52% 40%\"><img loading=\"lazy\" width=\"1024\" height=\"684\" src=\"http:\/\/californiadulcedoodles.com\/wp-content\/uploads\/2021\/09\/fam-e1630703865173-1024x684.jpg?v=1631332495\" alt=\"\" class=\"wp-image-35 size-large\"\/><\/figure><div class=\"wp-block-media-text__content\">\n<div class=\"wp-block-group\"><div class=\"wp-block-group__inner-container\">\n<div class=\"wp-block-columns\">\n<div class=\"wp-block-column\" style=\"flex-basis:100%\">\n<div class=\"wp-block-columns are-vertically-aligned-bottom\">\n<div class=\"wp-block-column is-vertically-aligned-bottom\" style=\"flex-basis:100%\">\n<div style=\"height:64px\" aria-hidden=\"true\" class=\"wp-block-spacer\"><\/div>\n\n\n\n<h1>California Dulce Doodles <\/h1>\n\n\n\n<div style=\"height:8px\" aria-hidden=\"true\" class=\"wp-block-spacer\"><\/div>\n\n\n\n<div style=\"height:32px\" aria-hidden=\"true\" class=\"wp-block-spacer\"><\/div>\n\n\n\n<p class=\"has-text-align-center\">En California Dulce Doodles nos especializamos en la crianza, saludable, adorable y DULCE de Labradoodles Australianos. Estamos ubicados en Sparr Heights, California. Criamos con amor y vendemos Labradoodles Australianos Multigeneracionales a familias que buscan a\u00f1adir a su vidas algunas huellas de patas esponjosas.<\/p>\n\n\n\n<div class=\"wp-block-group\"><div class=\"wp-block-group__inner-container\"><\/div><\/div>\n\n\n\n<div style=\"height:16px\" aria-hidden=\"true\" class=\"wp-block-spacer\"><\/div>\n\n\n\n<figure class=\"wp-block-image size-large is-style-default\"><a href=\"https:\/\/ilainc.net\/guest\/breedersearch.aspx\"><img loading=\"lazy\" width=\"1024\" height=\"416\" src=\"http:\/\/californiadulcedoodles.com\/wp-content\/uploads\/2025\/02\/logos-alaa-1024x416.png\" alt=\"\" class=\"wp-image-2320\" srcset=\"https:\/\/californiadulcedoodles.com\/wp-content\/uploads\/2025\/02\/logos-alaa-1024x416.png?v=1739204722 1024w, https:\/\/californiadulcedoodles.com\/wp-content\/uploads\/2025\/02\/logos-alaa-300x122.png?v=1739204722 300w, https:\/\/californiadulcedoodles.com\/wp-content\/uploads\/2025\/02\/logos-alaa-768x312.png?v=1739204722 768w, https:\/\/californiadulcedoodles.com\/wp-content\/uploads\/2025\/02\/logos-alaa-1536x624.png?v=1739204722 1536w, https:\/\/californiadulcedoodles.com\/wp-content\/uploads\/2025\/02\/logos-alaa.png?v=1739204722 1920w\" sizes=\"(max-width: 1024px) 100vw, 1024px\" \/><\/a><\/figure>\n\n\n\n<p><\/p>\n<\/div>\n<\/div>\n<\/div>\n<\/div>\n<\/div><\/div>\n<\/div><\/div>\n\n\n\n<div class=\"wp-block-media-text alignfull is-stacked-on-mobile is-image-fill\" style=\"grid-template-columns:51% auto\"><figure class=\"wp-block-media-text__media\" style=\"background-image:url(http:\/\/californiadulcedoodles.com\/wp-content\/uploads\/2023\/02\/Screenshot-2023-02-03-21.58.02.png);background-position:72% 39%\"><img loading=\"lazy\" width=\"521\" height=\"650\" src=\"http:\/\/californiadulcedoodles.com\/wp-content\/uploads\/2023\/02\/Screenshot-2023-02-03-21.58.02.png\" alt=\"\" class=\"wp-image-983 size-large\" srcset=\"https:\/\/californiadulcedoodles.com\/wp-content\/uploads\/2023\/02\/Screenshot-2023-02-03-21.58.02.png?v=1675483117 521w, https:\/\/californiadulcedoodles.com\/wp-content\/uploads\/2023\/02\/Screenshot-2023-02-03-21.58.02-240x300.png?v=1675483117 240w\" sizes=\"(max-width: 521px) 100vw, 521px\" \/><\/figure><div class=\"wp-block-media-text__content\">\n<div class=\"wp-block-group\"><div class=\"wp-block-group__inner-container\">\n<div class=\"wp-block-columns\">\n<div class=\"wp-block-column\" style=\"flex-basis:100%\">\n<div class=\"wp-block-columns are-vertically-aligned-bottom\">\n<div class=\"wp-block-column is-vertically-aligned-bottom\" style=\"flex-basis:100%\">\n<div style=\"height:43px\" aria-hidden=\"true\" class=\"wp-block-spacer\"><\/div>\n\n\n\n<p><\/p>\n\n\n\n<h1>Conoce a nuestros perros<\/h1>\n\n\n\n<p class=\"has-text-align-center\">La idea de California Dulce Doodles comenz\u00f3 cuando nuestra preciosa perra Ruby lleg\u00f3 a nuestras vidas y nos enamoramos de su personalidad. Despu\u00e9s de un a\u00f1o sab\u00edamos que quer\u00edamos ser criadores y compartir estos perros encantadores con m\u00e1s familias.<\/p>\n\n\n\n<div style=\"height:16px\" aria-hidden=\"true\" class=\"wp-block-spacer\"><\/div>\n\n\n\n<p class=\"has-text-align-center\">Ahora tenemos cuatro perros, todos Nuestros Perros son Labradoodles Australianos Multigeneraci\u00f3nales que han sido probados gen\u00e9ticamente, certificados en OFA y registrados en WALA.<\/p>\n\n\n\n<div style=\"height:43px\" aria-hidden=\"true\" class=\"wp-block-spacer\"><\/div>\n\n\n\n<div class=\"wp-block-uagb-buttons uagb-buttons__outer-wrap uagb-block-e037aee7\"><div class=\"uagb-buttons__wrap uagb-buttons-layout-wrap\">\n<div class=\"wp-block-uagb-buttons-child uagb-buttons__outer-wrap uagb-block-2581c1d3 wp-block-button\"><div class=\"uagb-button__wrapper\"><a class=\"uagb-buttons-repeater wp-block-button__link\" href=\"http:\/\/californiadulcedoodles.com\/index.php\/nuestros-perros\/\" rel=\"noopener noreferrer\" target=\"_self\"><div class=\"uagb-button__link\">Conoce a nuestros perros<\/div><\/a><\/div><\/div>\n<\/div><\/div>\n\n\n\n<div style=\"height:100px\" aria-hidden=\"true\" class=\"wp-block-spacer\"><\/div>\n<\/div>\n<\/div>\n<\/div>\n<\/div>\n<\/div><\/div>\n<\/div><\/div>\n\n\n\n<div class=\"wp-block-media-text alignfull has-media-on-the-right is-stacked-on-mobile is-image-fill\"><figure class=\"wp-block-media-text__media\" style=\"background-image:url(http:\/\/californiadulcedoodles.com\/wp-content\/uploads\/2021\/09\/puppies-1-1.jpg?v=1631332476);background-position:1% 5%\"><img loading=\"lazy\" width=\"850\" height=\"571\" src=\"http:\/\/californiadulcedoodles.com\/wp-content\/uploads\/2021\/09\/puppies-1-1.jpg?v=1631332476\" alt=\"\" class=\"wp-image-151 size-full\" srcset=\"https:\/\/californiadulcedoodles.com\/wp-content\/uploads\/2021\/09\/puppies-1-1.jpg?v=1640331191 850w, https:\/\/californiadulcedoodles.com\/wp-content\/uploads\/2021\/09\/puppies-1-1-300x202.jpg?v=1640331191 300w, https:\/\/californiadulcedoodles.com\/wp-content\/uploads\/2021\/09\/puppies-1-1-768x516.jpg?v=1640331191 768w\" sizes=\"(max-width: 850px) 100vw, 850px\" \/><\/figure><div class=\"wp-block-media-text__content\">\n<div class=\"wp-block-group\"><div class=\"wp-block-group__inner-container\">\n<div class=\"wp-block-columns\">\n<div class=\"wp-block-column\" style=\"flex-basis:100%\">\n<div class=\"wp-block-columns are-vertically-aligned-bottom\">\n<div class=\"wp-block-column is-vertically-aligned-bottom\" style=\"flex-basis:100%\">\n<p><\/p>\n\n\n\n<h1>Cachorros<\/h1>\n\n\n\n<div style=\"height:8px\" aria-hidden=\"true\" class=\"wp-block-spacer\"><\/div>\n\n\n\n<p class=\"has-text-align-center\">Somos apasionados y devotos de nuestros perros y cachorros. Tratamos a todos y a cada uno como si fueran nuestros de por vida. Ellos son parte de nuestra familia y queremos encontrar hogares amorosos que se preocupen de ellos como lo hacemos nosotros.<\/p>\n\n\n\n<div class=\"wp-block-uagb-buttons uagb-buttons__outer-wrap uagb-block-69d6432d\"><div class=\"uagb-buttons__wrap uagb-buttons-layout-wrap\">\n<div class=\"wp-block-uagb-buttons-child uagb-buttons__outer-wrap uagb-block-875d70fb wp-block-button\"><div class=\"uagb-button__wrapper\"><a class=\"uagb-buttons-repeater wp-block-button__link\" href=\"http:\/\/californiadulcedoodles.com\/index.php\/cachorros\/\" rel=\"noopener noreferrer\" target=\"_self\"><div class=\"uagb-button__link\">Nuestros Cachorros<\/div><\/a><\/div><\/div>\n\n\n\n<div class=\"wp-block-uagb-buttons-child uagb-buttons__outer-wrap uagb-block-af4cc26f wp-block-button\"><div class=\"uagb-button__wrapper\"><a class=\"uagb-buttons-repeater wp-block-button__link\" href=\"http:\/\/californiadulcedoodles.com\/index.php\/cachorros-disponibles\/\" rel=\"noopener noreferrer\" target=\"_self\"><div class=\"uagb-button__link\">Cachorros Disponibles<\/div><\/a><\/div><\/div>\n<\/div><\/div>\n<\/div>\n<\/div>\n<\/div>\n<\/div>\n<\/div><\/div>\n<\/div><\/div>\n\n\n\n<div class=\"wp-block-media-text alignfull is-stacked-on-mobile is-image-fill\"><figure class=\"wp-block-media-text__media\" style=\"background-image:url(http:\/\/californiadulcedoodles.com\/wp-content\/uploads\/2021\/09\/IMG_0819-scaled-912x1024.jpg);background-position:2% 1%\"><img loading=\"lazy\" width=\"912\" height=\"1024\" src=\"http:\/\/californiadulcedoodles.com\/wp-content\/uploads\/2021\/09\/IMG_0819-scaled-912x1024.jpg\" alt=\"\" class=\"wp-image-388 size-large\" srcset=\"https:\/\/californiadulcedoodles.com\/wp-content\/uploads\/2021\/09\/IMG_0819-scaled-912x1024.jpg?v=1640331180 912w, https:\/\/californiadulcedoodles.com\/wp-content\/uploads\/2021\/09\/IMG_0819-scaled-267x300.jpg?v=1640331180 267w, https:\/\/californiadulcedoodles.com\/wp-content\/uploads\/2021\/09\/IMG_0819-scaled-768x862.jpg?v=1640331180 768w, https:\/\/californiadulcedoodles.com\/wp-content\/uploads\/2021\/09\/IMG_0819-scaled-1368x1536.jpg?v=1640331180 1368w, https:\/\/californiadulcedoodles.com\/wp-content\/uploads\/2021\/09\/IMG_0819-scaled-1824x2048.jpg?v=1640331180 1824w\" sizes=\"(max-width: 912px) 100vw, 912px\" \/><\/figure><div class=\"wp-block-media-text__content\">\n<div class=\"wp-block-group\"><div class=\"wp-block-group__inner-container\">\n<div class=\"wp-block-columns\">\n<div class=\"wp-block-column\" style=\"flex-basis:100%\">\n<div class=\"wp-block-columns are-vertically-aligned-bottom\">\n<div class=\"wp-block-column is-vertically-aligned-bottom\" style=\"flex-basis:100%\">\n<div style=\"height:54px\" aria-hidden=\"true\" class=\"wp-block-spacer\"><\/div>\n\n\n\n<p><\/p>\n\n\n\n<h1>Hogares Guardianes<\/h1>\n\n\n\n<div style=\"height:8px\" aria-hidden=\"true\" class=\"wp-block-spacer\"><\/div>\n\n\n\n<p class=\"has-text-align-center\">Nuestra familia cree que cada perro merece tener una familia cari\u00f1osa y para siempre. Todos nuestros perros son parte de nuestra familia y viven en nuestra casa como si fueran nuestros para siempre. Debido a esto hemos decidido ofrecer un Programa de Hogar Guardi\u00e1n.<\/p>\n\n\n\n<div class=\"wp-block-uagb-buttons uagb-buttons__outer-wrap uagb-block-2049db9c\"><div class=\"uagb-buttons__wrap uagb-buttons-layout-wrap\">\n<div class=\"wp-block-uagb-buttons-child uagb-buttons__outer-wrap uagb-block-76904411 wp-block-button\"><div class=\"uagb-button__wrapper\"><a class=\"uagb-buttons-repeater wp-block-button__link\" href=\"http:\/\/californiadulcedoodles.com\/index.php\/hogares-guardianes\/\" rel=\"noopener noreferrer\" target=\"_self\"><div class=\"uagb-button__link\">Leer m\u00e1s &#8230;<\/div><\/a><\/div><\/div>\n<\/div><\/div>\n\n\n\n<div style=\"height:100px\" aria-hidden=\"true\" class=\"wp-block-spacer\"><\/div>\n<\/div>\n<\/div>\n<\/div>\n<\/div>\n<\/div><\/div>\n<\/div><\/div>\n\n\n\n<div class=\"wp-block-media-text alignfull has-media-on-the-right is-stacked-on-mobile is-image-fill\"><figure class=\"wp-block-media-text__media\" style=\"background-image:url(http:\/\/californiadulcedoodles.com\/wp-content\/uploads\/2021\/12\/image1-747x1024.jpeg);background-position:51% 20%\"><img loading=\"lazy\" width=\"747\" height=\"1024\" src=\"http:\/\/californiadulcedoodles.com\/wp-content\/uploads\/2021\/12\/image1-747x1024.jpeg\" alt=\"\" class=\"wp-image-694 size-full\" srcset=\"https:\/\/californiadulcedoodles.com\/wp-content\/uploads\/2021\/12\/image1-747x1024.jpeg?v=1640982554 747w, https:\/\/californiadulcedoodles.com\/wp-content\/uploads\/2021\/12\/image1-219x300.jpeg?v=1640982554 219w, https:\/\/californiadulcedoodles.com\/wp-content\/uploads\/2021\/12\/image1-768x1053.jpeg?v=1640982554 768w, https:\/\/californiadulcedoodles.com\/wp-content\/uploads\/2021\/12\/image1-1121x1536.jpeg?v=1640982554 1121w, https:\/\/californiadulcedoodles.com\/wp-content\/uploads\/2021\/12\/image1-1494x2048.jpeg?v=1640982554 1494w, https:\/\/californiadulcedoodles.com\/wp-content\/uploads\/2021\/12\/image1-scaled.jpeg?v=1640982554 1868w\" sizes=\"(max-width: 747px) 100vw, 747px\" \/><\/figure><div class=\"wp-block-media-text__content\">\n<div class=\"wp-block-group\"><div class=\"wp-block-group__inner-container\">\n<div class=\"wp-block-columns\">\n<div class=\"wp-block-column\" style=\"flex-basis:100%\">\n<div class=\"wp-block-columns are-vertically-aligned-bottom\">\n<div class=\"wp-block-column is-vertically-aligned-bottom\" style=\"flex-basis:100%\">\n<p><\/p>\n\n\n\n<h1>Sementales<\/h1>\n\n\n\n<p class=\"has-text-align-center\">Nuestros sementales son multigeneracionales y cuentan con el m\u00e1s alto nivel de control sanitario y registro. Todos son abrigos de lana que no se desprenden. Podemos brindar servicio de sementales a hembras aprobadas a trav\u00e9s de reproducci\u00f3n natural o IA (inseminaci\u00f3n artificial)<\/p>\n\n\n\n<div style=\"height:8px\" aria-hidden=\"true\" class=\"wp-block-spacer\"><\/div>\n\n\n\n<div class=\"wp-block-uagb-buttons uagb-buttons__outer-wrap uagb-block-79a458f0\"><div class=\"uagb-buttons__wrap uagb-buttons-layout-wrap\">\n<div class=\"wp-block-uagb-buttons-child uagb-buttons__outer-wrap uagb-block-ee3ff998 wp-block-button\"><div class=\"uagb-button__wrapper\"><a class=\"uagb-buttons-repeater wp-block-button__link\" href=\"http:\/\/californiadulcedoodles.com\/index.php\/sementales\/\" rel=\"noopener noreferrer\" target=\"_self\"><div class=\"uagb-button__link\">Leer m\u00e1s<\/div><\/a><\/div><\/div>\n<\/div><\/div>\n\n\n\n<div style=\"height:100px\" aria-hidden=\"true\" class=\"wp-block-spacer\"><\/div>\n\n\n\n<p><\/p>\n<\/div>\n<\/div>\n<\/div>\n<\/div>\n<\/div><\/div>\n<\/div><\/div>\n\n\n\n<div class=\"wp-block-media-text alignfull has-media-on-the-right is-stacked-on-mobile is-image-fill has-text-color has-background\" style=\"background-color:#afafaf;color:#afafaf\"><figure class=\"wp-block-media-text__media\" style=\"background-image:url(http:\/\/californiadulcedoodles.com\/wp-content\/uploads\/2021\/09\/ruby1-1024x683.jpg?v=1631332491);background-position:2% 6%\"><img loading=\"lazy\" width=\"1024\" height=\"683\" src=\"http:\/\/californiadulcedoodles.com\/wp-content\/uploads\/2021\/09\/ruby1-1024x683.jpg?v=1631332491\" alt=\"\" class=\"wp-image-88 size-large\" srcset=\"https:\/\/californiadulcedoodles.com\/wp-content\/uploads\/2021\/09\/ruby1-1024x683.jpg?v=1640331203 1024w, https:\/\/californiadulcedoodles.com\/wp-content\/uploads\/2021\/09\/ruby1-300x200.jpg?v=1640331203 300w, https:\/\/californiadulcedoodles.com\/wp-content\/uploads\/2021\/09\/ruby1-768x512.jpg?v=1640331203 768w, https:\/\/californiadulcedoodles.com\/wp-content\/uploads\/2021\/09\/ruby1-1536x1024.jpg?v=1640331203 1536w, https:\/\/californiadulcedoodles.com\/wp-content\/uploads\/2021\/09\/ruby1-2048x1366.jpg?v=1640331203 2048w\" sizes=\"(max-width: 1024px) 100vw, 1024px\" \/><\/figure><div class=\"wp-block-media-text__content\">\n<div class=\"wp-block-group\"><div class=\"wp-block-group__inner-container\">\n<div class=\"wp-block-columns\">\n<div class=\"wp-block-column\" style=\"flex-basis:100%\">\n<div class=\"wp-block-columns are-vertically-aligned-bottom\">\n<div class=\"wp-block-column is-vertically-aligned-bottom\" style=\"flex-basis:100%\">\n<div style=\"height:28px\" aria-hidden=\"true\" class=\"wp-block-spacer\"><\/div>\n\n\n\n<h2 class=\"has-white-color has-text-color\">SOLICITUD<\/h2>\n\n\n\n<hr class=\"wp-block-separator has-text-color has-background has-white-background-color has-white-color is-style-wide\"\/>\n\n\n\n<h2 class=\"has-text-align-center has-white-color has-text-color\">Llenar solicitud<\/h2>\n\n\n\n<h2 class=\"has-text-align-center has-white-color has-text-color\">S\u00f3lo si est\u00e1s listo<\/h2>\n\n\n\n<hr class=\"wp-block-separator has-text-color has-background has-white-background-color has-white-color is-style-wide\"\/>\n\n\n\n<div class=\"wp-block-buttons alignfull is-content-justification-center\">\n<div class=\"wp-block-button\"><a class=\"wp-block-button__link\" href=\"http:\/\/californiadulcedoodles.com\/index.php\/solicitud\/\">Llenar Solicitud<\/a><\/div>\n\n\n\n<div class=\"wp-block-button\"><a class=\"wp-block-button__link\" href=\"http:\/\/californiadulcedoodles.com\/index.php\/contacto\/\">Cont\u00e1ctenos<\/a><\/div>\n<\/div>\n\n\n\n<div style=\"height:16px\" aria-hidden=\"true\" class=\"wp-block-spacer\"><\/div>\n<\/div>\n<\/div>\n<\/div>\n<\/div>\n<\/div><\/div>\n<\/div><\/div>\n\n\n\n<h1><a href=\"http:\/\/californiadulcedoodles.com\/index.php\/reviews\/\" title=\"Reviews\">Comentarios<\/a><\/h1>\n\n\n<div class=\"wprev-slider\" id=\"wprev-slider-1\"><style>#wprev-slider-1 .wprev_showdate_T1 {display: none;}#wprev-slider-1 .wprev_preview_bradius_T1 {border-radius: 0px;}#wprev-slider-1 .wprev_preview_bg1_T1 {background:;}#wprev-slider-1 .wprev_preview_bg2_T1 {background:;}#wprev-slider-1 .wprev_preview_tcolor1_T1 {color:;}#wprev-slider-1 .wprev_preview_tcolor2_T1 {color:;}#wprev-slider-1 .wprev_preview_bg1_T1::after{ border-top: 30px solid ; }<\/style><style><\/style><ul><li>\t\t<div class=\"wpyelp_t1_outer_div w3_wprs-row-padding\">\r\n\t\t\t\t<div class=\"wpyelp_t1_DIV_1 w3_wprs-col l6\">\r\n\t\t\t<div class=\"wpyelp_t1_DIV_2 wprev_preview_bg1_T1 wprev_preview_bradius_T1\">\r\n\t\t\t\t<p class=\"wpyelp_t1_P_3 wprev_preview_tcolor1_T1\">\r\n\t\t\t\t\t<span class=\"wpyelp_star_imgs_T1\"><img src=\"https:\/\/californiadulcedoodles.com\/wp-content\/plugins\/wp-yelp-review-slider\/public\/partials\/imgs\/yelp_stars_5.png\" alt=\"\" class=\"wpyelp_t1_star_img_file\">&nbsp;&nbsp;<\/span>We had been thinking about adding a third baby to our crew. I was at Michael&#39;s craft store last weekend when the sweetest little girl named Luna turned the corner,<a class='wprs_rd_more'>... read more<\/a><span class='wprs_rd_more_text' style='display:none;'> I instantly fell in love. After talking to her mom, she referred me to California Dulce Doodles. I immediately text Margie she replied right away and sent me pictures of the two little girls she had available. The following day I went to their home and met the puppies and the parents. I knew right away that Indie (Noche) needed to be part of our family! Her parents, Oreo and Latte, were so sweet and loving, I even met her auntie Rosie and grandma Ruby! <br><br>The following day I picked up our new baby. Margie is the absolute sweetest, she had a welcome puppy basket waiting for us with so many treats, toys, food, blanket, a little stuffed dog with a heartbeat, so many goodies to make our Indies transition to her forever home as easy as possible. Margie provided us with a shopping list with a clickable links directly to Amazon, which made it very simple to order everything she would need.<br><br>I would give Margie 100 starts, she deserves it and so much more ! Thank you for making everything so simple and seamless. <br><br>Thanks for our beautiful girl, Indie Noel.. she&#39;s so well mannered, loving and sweet. The parents and puppies are treated like royalty and it truly shows . <br><br>Forever grateful!<\/span>\t\t\t\t<\/p>\r\n\t\t\t\t<a href=\"https:\/\/www.yelp.com\/biz\/california-dulce-doodles-glendale?uid=VuEVGoGLK3FmAzFPX7yG0A&utm_source=ishare\" target=\"_blank\" rel=\"nofollow\"><img src=\"https:\/\/californiadulcedoodles.com\/wp-content\/plugins\/wp-yelp-review-slider\/public\/partials\/imgs\/yelp_outline.png\" alt=\"\" class=\"wpyelp_t1_yelp_logo\"><\/a>\t\t\t<\/div><span class=\"wpyelp_t1_A_8\"><img src=\"https:\/\/s3-media0.fl.yelpcdn.com\/assets\/srv0\/yelp_styleguide\/514f6997a318\/assets\/img\/default_avatars\/user_60_square.png\" alt=\"thumb\" class=\"wpyelp_t1_IMG_4\" loading=\"lazy\"\/><\/span> <span class=\"wpyelp_t1_SPAN_5 wprev_preview_tcolor2_T1\">Amanda H.<br\/><span class=\"wprev_showdate_T1\">11\/09\/2023<\/span> <\/span>\r\n\t\t<\/div>\r\n\t\t\t<div class=\"wpyelp_t1_DIV_1 w3_wprs-col l6\">\r\n\t\t\t<div class=\"wpyelp_t1_DIV_2 wprev_preview_bg1_T1 wprev_preview_bradius_T1\">\r\n\t\t\t\t<p class=\"wpyelp_t1_P_3 wprev_preview_tcolor1_T1\">\r\n\t\t\t\t\t<span class=\"wpyelp_star_imgs_T1\"><img src=\"https:\/\/californiadulcedoodles.com\/wp-content\/plugins\/wp-yelp-review-slider\/public\/partials\/imgs\/yelp_stars_5.png\" alt=\"\" class=\"wpyelp_t1_star_img_file\">&nbsp;&nbsp;<\/span>We had such a wonderful experience with Margie @ California Dulce Doodles. We were so lucky that we found her and her labradoodles. She will answer all your questions, provide<a class='wprs_rd_more'>... read more<\/a><span class='wprs_rd_more_text' style='display:none;'> support and you can clearly see she breeds them with respect to who they are, keeping them healthy, happy, and loved. \u00a0Her integrity shines and she is a blessing to many families as they too experienced the beauty of her puppies as we have. Thank you Margie!!! We are so in love with our Australian Labradoodle, \u00a0 Carter ( Aka Prince).<\/span>\t\t\t\t<\/p>\r\n\t\t\t\t<a href=\"https:\/\/www.yelp.com\/biz\/california-dulce-doodles-glendale?uid=VuEVGoGLK3FmAzFPX7yG0A&utm_source=ishare\" target=\"_blank\" rel=\"nofollow\"><img src=\"https:\/\/californiadulcedoodles.com\/wp-content\/plugins\/wp-yelp-review-slider\/public\/partials\/imgs\/yelp_outline.png\" alt=\"\" class=\"wpyelp_t1_yelp_logo\"><\/a>\t\t\t<\/div><span class=\"wpyelp_t1_A_8\"><img src=\"https:\/\/s3-media0.fl.yelpcdn.com\/assets\/srv0\/yelp_styleguide\/514f6997a318\/assets\/img\/default_avatars\/user_60_square.png\" alt=\"thumb\" class=\"wpyelp_t1_IMG_4\" loading=\"lazy\"\/><\/span> <span class=\"wpyelp_t1_SPAN_5 wprev_preview_tcolor2_T1\">Nyrma C.<br\/><span class=\"wprev_showdate_T1\">6\/19\/2023<\/span> <\/span>\r\n\t\t<\/div>\r\n\t\t<\/div>\r\n<!-- This file should primarily consist of HTML with a little bit of PHP. -->\r\n<\/li><li>\t\t<div class=\"wpyelp_t1_outer_div w3_wprs-row-padding\">\r\n\t\t\t\t<div class=\"wpyelp_t1_DIV_1 w3_wprs-col l6\">\r\n\t\t\t<div class=\"wpyelp_t1_DIV_2 wprev_preview_bg1_T1 wprev_preview_bradius_T1\">\r\n\t\t\t\t<p class=\"wpyelp_t1_P_3 wprev_preview_tcolor1_T1\">\r\n\t\t\t\t\t<span class=\"wpyelp_star_imgs_T1\"><img src=\"https:\/\/californiadulcedoodles.com\/wp-content\/plugins\/wp-yelp-review-slider\/public\/partials\/imgs\/yelp_stars_5.png\" alt=\"\" class=\"wpyelp_t1_star_img_file\">&nbsp;&nbsp;<\/span>Absolutely adorable puppies, raised in a great environment. Very positive experience.\t\t\t\t<\/p>\r\n\t\t\t\t<a href=\"https:\/\/www.yelp.com\/biz\/california-dulce-doodles-glendale?uid=VuEVGoGLK3FmAzFPX7yG0A&utm_source=ishare\" target=\"_blank\" rel=\"nofollow\"><img src=\"https:\/\/californiadulcedoodles.com\/wp-content\/plugins\/wp-yelp-review-slider\/public\/partials\/imgs\/yelp_outline.png\" alt=\"\" class=\"wpyelp_t1_yelp_logo\"><\/a>\t\t\t<\/div><span class=\"wpyelp_t1_A_8\"><img src=\"https:\/\/s3-media0.fl.yelpcdn.com\/assets\/srv0\/yelp_styleguide\/514f6997a318\/assets\/img\/default_avatars\/user_60_square.png\" alt=\"thumb\" class=\"wpyelp_t1_IMG_4\" loading=\"lazy\"\/><\/span> <span class=\"wpyelp_t1_SPAN_5 wprev_preview_tcolor2_T1\">Peripatetic E.<br\/><span class=\"wprev_showdate_T1\">5\/02\/2023<\/span> <\/span>\r\n\t\t<\/div>\r\n\t\t\t<div class=\"wpyelp_t1_DIV_1 w3_wprs-col l6\">\r\n\t\t\t<div class=\"wpyelp_t1_DIV_2 wprev_preview_bg1_T1 wprev_preview_bradius_T1\">\r\n\t\t\t\t<p class=\"wpyelp_t1_P_3 wprev_preview_tcolor1_T1\">\r\n\t\t\t\t\t<span class=\"wpyelp_star_imgs_T1\"><img src=\"https:\/\/californiadulcedoodles.com\/wp-content\/plugins\/wp-yelp-review-slider\/public\/partials\/imgs\/yelp_stars_5.png\" alt=\"\" class=\"wpyelp_t1_star_img_file\">&nbsp;&nbsp;<\/span>What a great experience! Such an amazing breeder. So helpful, caring, and knowledgeable. Thank you so much!! Definitely recommend to anyone looking for an Australian Labradoodle.\t\t\t\t<\/p>\r\n\t\t\t\t<a href=\"https:\/\/www.yelp.com\/biz\/california-dulce-doodles-glendale?uid=VuEVGoGLK3FmAzFPX7yG0A&utm_source=ishare\" target=\"_blank\" rel=\"nofollow\"><img src=\"https:\/\/californiadulcedoodles.com\/wp-content\/plugins\/wp-yelp-review-slider\/public\/partials\/imgs\/yelp_outline.png\" alt=\"\" class=\"wpyelp_t1_yelp_logo\"><\/a>\t\t\t<\/div><span class=\"wpyelp_t1_A_8\"><img src=\"https:\/\/s3-media0.fl.yelpcdn.com\/assets\/srv0\/yelp_styleguide\/514f6997a318\/assets\/img\/default_avatars\/user_60_square.png\" alt=\"thumb\" class=\"wpyelp_t1_IMG_4\" loading=\"lazy\"\/><\/span> <span class=\"wpyelp_t1_SPAN_5 wprev_preview_tcolor2_T1\">Janet H.<br\/><span class=\"wprev_showdate_T1\">6\/29\/2023<\/span> <\/span>\r\n\t\t<\/div>\r\n\t\t<\/div>\r\n<!-- This file should primarily consist of HTML with a little bit of PHP. -->\r\n<\/li><\/ul><\/div>\r\n\n\n\n\n<p><\/p>\n","protected":false},"excerpt":{"rendered":"<p>Comentarios<\/p>\n","protected":false},"author":1,"featured_media":0,"parent":0,"menu_order":0,"comment_status":"closed","ping_status":"closed","template":"","meta":{"om_disable_all_campaigns":false,"_monsterinsights_skip_tracking":false,"_monsterinsights_sitenote_active":false,"_monsterinsights_sitenote_note":"","_monsterinsights_sitenote_category":0},"uagb_featured_image_src":{"full":false,"thumbnail":false,"medium":false,"medium_large":false,"large":false,"1536x1536":false,"2048x2048":false,"pet-animal-store-homepage-thumb":false},"uagb_author_info":{"display_name":"California","author_link":"https:\/\/californiadulcedoodles.com\/index.php\/author\/california\/"},"uagb_comment_info":0,"uagb_excerpt":"Comentarios","_links":{"self":[{"href":"https:\/\/californiadulcedoodles.com\/index.php\/wp-json\/wp\/v2\/pages\/1224"}],"collection":[{"href":"https:\/\/californiadulcedoodles.com\/index.php\/wp-json\/wp\/v2\/pages"}],"about":[{"href":"https:\/\/californiadulcedoodles.com\/index.php\/wp-json\/wp\/v2\/types\/page"}],"author":[{"embeddable":true,"href":"https:\/\/californiadulcedoodles.com\/index.php\/wp-json\/wp\/v2\/users\/1"}],"replies":[{"embeddable":true,"href":"https:\/\/californiadulcedoodles.com\/index.php\/wp-json\/wp\/v2\/comments?post=1224"}],"version-history":[{"count":15,"href":"https:\/\/californiadulcedoodles.com\/index.php\/wp-json\/wp\/v2\/pages\/1224\/revisions"}],"predecessor-version":[{"id":2331,"href":"https:\/\/californiadulcedoodles.com\/index.php\/wp-json\/wp\/v2\/pages\/1224\/revisions\/2331"}],"wp:attachment":[{"href":"https:\/\/californiadulcedoodles.com\/index.php\/wp-json\/wp\/v2\/media?parent=1224"}],"curies":[{"name":"wp","href":"https:\/\/api.w.org\/{rel}","templated":true}]}}