{"id":1307,"date":"2021-09-03T16:48:02","date_gmt":"2021-09-03T16:48:02","guid":{"rendered":"http:\/\/californiadulcedoodles.com\/index.php\/application-2\/"},"modified":"2024-03-06T02:40:13","modified_gmt":"2024-03-06T02:40:13","slug":"solicitud","status":"publish","type":"page","link":"https:\/\/californiadulcedoodles.com\/index.php\/solicitud\/","title":{"rendered":"Solicitud"},"content":{"rendered":"\n<h3 class=\"has-text-align-center\"><strong>Ll\u00e1menos al (818) 730-7158<\/strong><\/h3>\n\n\n\n<h4 class=\"has-text-align-center\" id=\"tw-target-text\"><strong>Todos nuestros cachorros se venden bajo<\/strong> <\/h4>\n\n\n\n<h4 class=\"has-text-align-center\" id=\"tw-target-text\"><strong>un estricto contrato de esterilizaci\u00f3n\/castraci\u00f3n <\/strong><\/h4>\n\n\n\n<h4 class=\"has-text-align-center\" id=\"tw-target-text\"><strong>por $3500 d\u00f3lares americanos + <\/strong><\/h4>\n\n\n\n<h4 class=\"has-text-align-center\" id=\"tw-target-text\"><strong>impuesto sobre las ventas de California.<\/strong> <\/h4>\n\n\n\n<h4 class=\"has-text-align-center\" id=\"tw-target-text\"><strong>Nuestros precios incluyen:  <\/strong> <\/h4>\n\n\n\n<ul style=\"font-size:24px\"><li>Garant\u00eda de salud gen\u00e9tica de 2 a\u00f1os <\/li><li>Pastilla <\/li><li>Chequeo veterinario &#8211; 1ras vacunas &#8211; desparasitado <\/li><li>Comenzo de entrenamiento de aprender a ir al ba\u00f1o (c\u00e9sped y pasto) <\/li><li>Comienzo de entrenamiento con jaulas. <\/li><li>Cesta Puppy Go home &#8211; \u00a1Manta con el aroma de la madre, golosinas, juguetes y otras cosas para asegurar un buen comienzo!  <\/li><\/ul>\n\n\n\n<hr class=\"wp-block-separator\"\/>\n\n\n\n<h4 class=\"has-text-align-center\" id=\"tw-target-text\"><strong>Podemos transportar perros a cualquier estado de EE. UU. y M\u00e9xico por un costo adicional.<\/strong><\/h4>\n\n\n\n<hr class=\"wp-block-separator\"\/>\n\n\n\n<h5 class=\"has-text-align-center\">Todas sus preguntas ser\u00e1n contestadas<\/h5>\n\n\n\n<h4 class=\"has-text-align-center\"><strong>Complete la solicitud solo si est\u00e1 listo<\/strong><\/h4>\n\n\n\n<h4 class=\"has-text-align-center\"><strong>Para avanzar con un dep\u00f3sito<\/strong><\/h4>\n\n\n\n<hr class=\"wp-block-separator\"\/>\n\n\n<div class=\"wpforms-container wpforms-container-full\" id=\"wpforms-1304\"><form id=\"wpforms-form-1304\" class=\"wpforms-validate wpforms-form wpforms-ajax-form\" data-formid=\"1304\" method=\"post\" enctype=\"multipart\/form-data\" action=\"\/index.php\/wp-json\/wp\/v2\/pages\/1307\" data-token=\"30356f206489f2ad25b5f857d3ca0a9c\"><noscript class=\"wpforms-error-noscript\">Please enable JavaScript in your browser to complete this form.<\/noscript><div class=\"wpforms-field-container\"><div id=\"wpforms-1304-field_0-container\" class=\"wpforms-field wpforms-field-name\" data-field-id=\"0\"><label class=\"wpforms-field-label\" for=\"wpforms-1304-field_0\">Nombre <span class=\"wpforms-required-label\">*<\/span><\/label><div class=\"wpforms-field-row wpforms-field-medium\"><div class=\"wpforms-field-row-block wpforms-first wpforms-one-half\"><input type=\"text\" id=\"wpforms-1304-field_0\" class=\"wpforms-field-name-first wpforms-field-required\" name=\"wpforms[fields][0][first]\" placeholder=\"Nombre\" required><label for=\"wpforms-1304-field_0\" class=\"wpforms-field-sublabel after \">First<\/label><\/div><div class=\"wpforms-field-row-block wpforms-one-half\"><input type=\"text\" id=\"wpforms-1304-field_0-last\" class=\"wpforms-field-name-last wpforms-field-required\" name=\"wpforms[fields][0][last]\" placeholder=\"Apellidos\" required><label for=\"wpforms-1304-field_0-last\" class=\"wpforms-field-sublabel after \">Last<\/label><\/div><\/div><\/div><div id=\"wpforms-1304-field_1-container\" class=\"wpforms-field wpforms-field-email\" data-field-id=\"1\"><label class=\"wpforms-field-label\" for=\"wpforms-1304-field_1\">Email <span class=\"wpforms-required-label\">*<\/span><\/label><input type=\"email\" id=\"wpforms-1304-field_1\" class=\"wpforms-field-medium wpforms-field-required\" name=\"wpforms[fields][1]\" required><\/div><div id=\"wpforms-1304-field_7-container\" class=\"wpforms-field wpforms-field-email\" data-field-id=\"7\"><label class=\"wpforms-field-label\" for=\"wpforms-1304-field_7\">Tel\u00e9fono <span class=\"wpforms-required-label\">*<\/span><\/label><input type=\"email\" id=\"wpforms-1304-field_7\" class=\"wpforms-field-medium wpforms-field-required\" name=\"wpforms[fields][7]\" required><\/div><div id=\"wpforms-1304-field_3-container\" class=\"wpforms-field wpforms-field-textarea\" data-field-id=\"3\"><label class=\"wpforms-field-label\" for=\"wpforms-1304-field_3\">Direcci\u00f3n, Ciudad, Estado, C\u00f3digo Postal <span class=\"wpforms-required-label\">*<\/span><\/label><textarea id=\"wpforms-1304-field_3\" class=\"wpforms-field-medium wpforms-field-required\" name=\"wpforms[fields][3]\" required><\/textarea><\/div><div id=\"wpforms-1304-field_5-container\" class=\"wpforms-field wpforms-field-select wpforms-field-select-style-classic\" data-field-id=\"5\"><label class=\"wpforms-field-label\" for=\"wpforms-1304-field_5\">Raza<\/label><select id=\"wpforms-1304-field_5\" class=\"wpforms-field-medium\" name=\"wpforms[fields][5]\"><option value=\"Australian Labradoodles\" >Australian Labradoodles<\/option><\/select><\/div><div id=\"wpforms-1304-field_4-container\" class=\"wpforms-field wpforms-field-select wpforms-field-select-style-classic\" data-field-id=\"4\"><label class=\"wpforms-field-label\" for=\"wpforms-1304-field_4\">Genero<\/label><select id=\"wpforms-1304-field_4\" class=\"wpforms-field-medium\" name=\"wpforms[fields][4]\"><option value=\"Genero ?\" >Genero ?<\/option><option value=\"Male\" >Male<\/option><option value=\"Female\" >Female<\/option><\/select><\/div><div id=\"wpforms-1304-field_6-container\" class=\"wpforms-field wpforms-field-select wpforms-field-select-style-classic\" data-field-id=\"6\"><label class=\"wpforms-field-label\" for=\"wpforms-1304-field_6\">\u00bfEst\u00e1s de acuerdo con esterilizar o castrar?<\/label><select id=\"wpforms-1304-field_6\" class=\"wpforms-field-medium\" name=\"wpforms[fields][6]\"><option value=\"\u00bfEst\u00e1s de acuerdo con esterilizar o castrar?\" >\u00bfEst\u00e1s de acuerdo con esterilizar o castrar?<\/option><option value=\"Yes\" >Yes<\/option><option value=\"No\" >No<\/option><\/select><\/div><div id=\"wpforms-1304-field_2-container\" class=\"wpforms-field wpforms-field-textarea\" data-field-id=\"2\"><label class=\"wpforms-field-label\" for=\"wpforms-1304-field_2\">Comentario or Mensaje <span class=\"wpforms-required-label\">*<\/span><\/label><textarea id=\"wpforms-1304-field_2\" class=\"wpforms-field-medium wpforms-field-required\" name=\"wpforms[fields][2]\" required><\/textarea><\/div><\/div><div class=\"wpforms-submit-container\" ><input type=\"hidden\" name=\"wpforms[id]\" value=\"1304\"><input type=\"hidden\" name=\"wpforms[author]\" value=\"1\"><button type=\"submit\" name=\"wpforms[submit]\" class=\"wpforms-submit \" id=\"wpforms-submit-1304\" value=\"wpforms-submit\" aria-live=\"assertive\" data-alt-text=\"Enviando...\" data-submit-text=\"Enviar\">Enviar<\/button><img src=\"https:\/\/californiadulcedoodles.com\/wp-content\/plugins\/wpforms-lite\/assets\/images\/submit-spin.svg\" class=\"wpforms-submit-spinner\" style=\"display: none;\" width=\"26\" height=\"26\" alt=\"\"><\/div><\/form><\/div>  <!-- .wpforms-container -->","protected":false},"excerpt":{"rendered":"<p>Ll\u00e1menos al (818) 730-7158 Todos nuestros cachorros se venden bajo un estricto contrato de esterilizaci\u00f3n\/castraci\u00f3n por $3500 d\u00f3lares americanos + impuesto sobre las ventas de California. Nuestros precios incluyen: Garant\u00eda de salud gen\u00e9tica de 2 a\u00f1os Pastilla Chequeo veterinario &#8211; 1ras vacunas &#8211; desparasitado Comenzo de entrenamiento de aprender a ir al ba\u00f1o (c\u00e9sped y [&hellip;]<\/p>\n","protected":false},"author":1,"featured_media":0,"parent":0,"menu_order":0,"comment_status":"closed","ping_status":"closed","template":"page-template\/right-sidebar.php","meta":{"om_disable_all_campaigns":false,"_monsterinsights_skip_tracking":false,"_monsterinsights_sitenote_active":false,"_monsterinsights_sitenote_note":"","_monsterinsights_sitenote_category":0},"uagb_featured_image_src":{"full":false,"thumbnail":false,"medium":false,"medium_large":false,"large":false,"1536x1536":false,"2048x2048":false,"pet-animal-store-homepage-thumb":false},"uagb_author_info":{"display_name":"California","author_link":"https:\/\/californiadulcedoodles.com\/index.php\/author\/california\/"},"uagb_comment_info":0,"uagb_excerpt":"Ll\u00e1menos al (818) 730-7158 Todos nuestros cachorros se venden bajo un estricto contrato de esterilizaci\u00f3n\/castraci\u00f3n por $3500 d\u00f3lares americanos + impuesto sobre las ventas de California. Nuestros precios incluyen: Garant\u00eda de salud gen\u00e9tica de 2 a\u00f1os Pastilla Chequeo veterinario &#8211; 1ras vacunas &#8211; desparasitado Comenzo de entrenamiento de aprender a ir al ba\u00f1o (c\u00e9sped y&hellip;","_links":{"self":[{"href":"https:\/\/californiadulcedoodles.com\/index.php\/wp-json\/wp\/v2\/pages\/1307"}],"collection":[{"href":"https:\/\/californiadulcedoodles.com\/index.php\/wp-json\/wp\/v2\/pages"}],"about":[{"href":"https:\/\/californiadulcedoodles.com\/index.php\/wp-json\/wp\/v2\/types\/page"}],"author":[{"embeddable":true,"href":"https:\/\/californiadulcedoodles.com\/index.php\/wp-json\/wp\/v2\/users\/1"}],"replies":[{"embeddable":true,"href":"https:\/\/californiadulcedoodles.com\/index.php\/wp-json\/wp\/v2\/comments?post=1307"}],"version-history":[{"count":11,"href":"https:\/\/californiadulcedoodles.com\/index.php\/wp-json\/wp\/v2\/pages\/1307\/revisions"}],"predecessor-version":[{"id":1674,"href":"https:\/\/californiadulcedoodles.com\/index.php\/wp-json\/wp\/v2\/pages\/1307\/revisions\/1674"}],"wp:attachment":[{"href":"https:\/\/californiadulcedoodles.com\/index.php\/wp-json\/wp\/v2\/media?parent=1307"}],"curies":[{"name":"wp","href":"https:\/\/api.w.org\/{rel}","templated":true}]}}