{"id":2959,"date":"2025-12-02T18:34:43","date_gmt":"2025-12-02T18:34:43","guid":{"rendered":"https:\/\/californiadulcedoodles.com\/index.php\/puppy-parties-2\/"},"modified":"2025-12-03T14:43:34","modified_gmt":"2025-12-03T14:43:34","slug":"puppy-parties-2","status":"publish","type":"page","link":"https:\/\/californiadulcedoodles.com\/index.php\/puppy-parties-2\/","title":{"rendered":"Fiesta de Cachorros"},"content":{"rendered":"\n<div class=\"wp-block-media-text alignwide is-stacked-on-mobile\"><figure class=\"wp-block-media-text__media\"><img loading=\"lazy\" width=\"480\" height=\"640\" src=\"http:\/\/californiadulcedoodles.com\/wp-content\/uploads\/2025\/12\/image0-1.jpeg\" alt=\"\" class=\"wp-image-2854 size-full\" srcset=\"https:\/\/californiadulcedoodles.com\/wp-content\/uploads\/2025\/12\/image0-1.jpeg 480w, https:\/\/californiadulcedoodles.com\/wp-content\/uploads\/2025\/12\/image0-1-225x300.jpeg 225w\" sizes=\"(max-width: 480px) 100vw, 480px\" \/><\/figure><div class=\"wp-block-media-text__content\">\n<div style=\"height:72px\" aria-hidden=\"true\" class=\"wp-block-spacer\"><\/div>\n\n\n\n<p class=\"has-text-align-center has-text-color has-huge-font-size\" style=\"color:#278258\">Citas de juego para cachorros<\/p>\n\n\n\n<p class=\"has-text-align-center has-text-color has-huge-font-size\" style=\"color:#278258\">&amp;<\/p>\n\n\n\n<p class=\"has-text-align-center has-text-color has-huge-font-size\" style=\"color:#278258\">Fiestas de cachorros<\/p>\n\n\n\n<div style=\"height:37px\" aria-hidden=\"true\" class=\"wp-block-spacer\"><\/div>\n\n\n\n<p class=\"has-text-align-center has-medium-font-size\">Felicidad, conexi\u00f3n y<\/p>\n\n\n\n<p class=\"has-text-align-center has-medium-font-size\">Socializaci\u00f3n saludable: para usted y los cachorros.<\/p>\n\n\n\n<div style=\"height:32px\" aria-hidden=\"true\" class=\"wp-block-spacer\"><\/div>\n<\/div><\/div>\n\n\n\n<div class=\"wp-block-media-text alignwide has-media-on-the-right is-stacked-on-mobile is-image-fill\"><figure class=\"wp-block-media-text__media\" style=\"background-image:url(http:\/\/californiadulcedoodles.com\/wp-content\/uploads\/2025\/12\/image4.jpeg);background-position:50% 50%\"><img loading=\"lazy\" width=\"480\" height=\"640\" src=\"http:\/\/californiadulcedoodles.com\/wp-content\/uploads\/2025\/12\/image4.jpeg\" alt=\"\" class=\"wp-image-2849 size-full\" srcset=\"https:\/\/californiadulcedoodles.com\/wp-content\/uploads\/2025\/12\/image4.jpeg 480w, https:\/\/californiadulcedoodles.com\/wp-content\/uploads\/2025\/12\/image4-225x300.jpeg 225w\" sizes=\"(max-width: 480px) 100vw, 480px\" \/><\/figure><div class=\"wp-block-media-text__content\">\n<p class=\"has-large-font-size\">Una experiencia basada en la alegr\u00eda<\/p>\n\n\n\n<div style=\"height:61px\" aria-hidden=\"true\" class=\"wp-block-spacer\"><\/div>\n\n\n\n<p>En California Dulce Doodles, creemos que los cachorros tienen un poder m\u00e1gico: eleva tu frecuencia de forma natural. Pasar tiempo con ellos aumenta la felicidad, alivia el estr\u00e9s y llena tu d\u00eda de energ\u00eda pura y positiva.<\/p>\n\n\n\n<div style=\"height:31px\" aria-hidden=\"true\" class=\"wp-block-spacer\"><\/div>\n\n\n\n<p>Nuestras citas de juego para cachorros y fiestas para cachorros son m\u00e1s que solo diversi\u00f3n adorable: son experiencias significativas que nutren tanto a las personas como a los cachorros en hermosa armon\u00eda.<\/p>\n\n\n\n<div style=\"height:26px\" aria-hidden=\"true\" class=\"wp-block-spacer\"><\/div>\n<\/div><\/div>\n\n\n\n<div style=\"height:17px\" aria-hidden=\"true\" class=\"wp-block-spacer\"><\/div>\n\n\n\n<h2 class=\"has-text-align-center\"><strong>\u00bfQu\u00e9 hace que nuestros eventos sean especiales?<\/strong><\/h2>\n\n\n\n<div style=\"height:40px\" aria-hidden=\"true\" class=\"wp-block-spacer\"><\/div>\n\n\n\n<div class=\"wp-block-columns\">\n<div class=\"wp-block-column\">\n<h4 class=\"has-text-align-center\"> <strong>Criado con amor<\/strong> <\/h4>\n\n\n\n<p class=\"has-white-background-color has-background\">Cada cachorro es criado con intenci\u00f3n, cuidado y pr\u00e1cticas de crianza \u00e9ticas desde el primer d\u00eda.<\/p>\n<\/div>\n\n\n\n<div class=\"wp-block-column\">\n<h4 class=\"has-text-align-center\"> <strong>Pura felicidad<\/strong><\/h4>\n\n\n\n<p><\/p>\n\n\n\n<p class=\"has-text-align-center\">Experimente el aumento natural del estado de \u00e1nimo que se produce al interactuar con cachorros juguetones y cari\u00f1osos.<\/p>\n<\/div>\n\n\n\n<div class=\"wp-block-column\">\n<h4 class=\"has-text-align-center\"><strong>Crecimiento social<\/strong><\/h4>\n\n\n\n<p><\/p>\n\n\n\n<p class=\"has-text-align-center\">Observa c\u00f3mo los cachorros desarrollan habilidades sociales esenciales mientras te conectas con otros amantes de los cachorros.<\/p>\n<\/div>\n<\/div>\n\n\n\n<div style=\"height:47px\" aria-hidden=\"true\" class=\"wp-block-spacer\"><\/div>\n\n\n\n<div class=\"wp-block-media-text alignwide is-stacked-on-mobile is-image-fill\"><figure class=\"wp-block-media-text__media\" style=\"background-image:url(http:\/\/californiadulcedoodles.com\/wp-content\/uploads\/2025\/12\/image7.jpeg);background-position:50% 50%\"><img loading=\"lazy\" width=\"521\" height=\"640\" src=\"http:\/\/californiadulcedoodles.com\/wp-content\/uploads\/2025\/12\/image7.jpeg\" alt=\"\" class=\"wp-image-2850 size-full\" srcset=\"https:\/\/californiadulcedoodles.com\/wp-content\/uploads\/2025\/12\/image7.jpeg 521w, https:\/\/californiadulcedoodles.com\/wp-content\/uploads\/2025\/12\/image7-244x300.jpeg 244w\" sizes=\"(max-width: 521px) 100vw, 521px\" \/><\/figure><div class=\"wp-block-media-text__content\">\n<div style=\"height:74px\" aria-hidden=\"true\" class=\"wp-block-spacer\"><\/div>\n\n\n\n<p class=\"has-large-font-size\">La diferencia de California Dulce Doodles<\/p>\n\n\n\n<div style=\"height:46px\" aria-hidden=\"true\" class=\"wp-block-spacer\"><\/div>\n\n\n\n<p>Nuestro enfoque se basa en el cuidado \u00e9tico y el amor genuino por estos incre\u00edbles animales. No solo criamos cachorros, sino que los criamos con un prop\u00f3sito, prepar\u00e1ndonos para una vida llena de amor en su hogar definitivo.<\/p>\n\n\n\n<div style=\"height:46px\" aria-hidden=\"true\" class=\"wp-block-spacer\"><\/div>\n\n\n\n<p>Al unirte a nosotros en una cita de juegos o una fiesta de cachorros, formas parte de su experiencia. Tu presencia, risas e interacciones amables ayudan a formar cachorros seguros y equilibrados, listos para alegrar a familias como la tuya.<\/p>\n\n\n\n<div style=\"height:56px\" aria-hidden=\"true\" class=\"wp-block-spacer\"><\/div>\n<\/div><\/div>\n\n\n\n<div class=\"wp-block-media-text alignwide has-media-on-the-right is-stacked-on-mobile\"><figure class=\"wp-block-media-text__media\"><img loading=\"lazy\" width=\"640\" height=\"536\" src=\"http:\/\/californiadulcedoodles.com\/wp-content\/uploads\/2025\/12\/image1-1.jpeg\" alt=\"\" class=\"wp-image-2853 size-full\" srcset=\"https:\/\/californiadulcedoodles.com\/wp-content\/uploads\/2025\/12\/image1-1.jpeg 640w, https:\/\/californiadulcedoodles.com\/wp-content\/uploads\/2025\/12\/image1-1-300x251.jpeg 300w\" sizes=\"(max-width: 640px) 100vw, 640px\" \/><\/figure><div class=\"wp-block-media-text__content\">\n<div style=\"height:74px\" aria-hidden=\"true\" class=\"wp-block-spacer\"><\/div>\n\n\n\n<p class=\"has-large-font-size\">Un hermoso intercambio de energ\u00eda<\/p>\n\n\n\n<div style=\"height:38px\" aria-hidden=\"true\" class=\"wp-block-spacer\"><\/div>\n\n\n\n<h2 class=\"has-text-color\" style=\"color:#0a9343\">Te sientes m\u00e1s feliz<\/h2>\n\n\n\n<p>Niveles m\u00e1s bajos de estr\u00e9s, estado de \u00e1nimo elevado y endorfinas naturales que fluyen de una conexi\u00f3n genuina y momentos divertidos.<\/p>\n\n\n\n<hr class=\"wp-block-separator\"\/>\n\n\n\n<h2 class=\"has-text-color\" style=\"color:#82d100\">Crecen m\u00e1s sanos<\/h2>\n\n\n\n<p>Mayor socializaci\u00f3n, equilibrio emocional y desarrollo de la confianza a trav\u00e9s de la interacci\u00f3n humana positiva.<\/p>\n\n\n\n<div style=\"height:38px\" aria-hidden=\"true\" class=\"wp-block-spacer\"><\/div>\n<\/div><\/div>\n\n\n\n<h2 class=\"has-text-align-center\"><strong>Qu\u00e9 esperar en una cita de juego para cachorros<\/strong><\/h2>\n\n\n\n<div style=\"height:37px\" aria-hidden=\"true\" class=\"wp-block-spacer\"><\/div>\n\n\n\n<div class=\"wp-block-columns\">\n<div class=\"wp-block-column\">\n<h3>C\u00e1lida bienvenida<\/h3>\n\n\n\n<p>Llegue a nuestra hermosa ubicaci\u00f3n en California y conozca a nuestro equipo de apasionados amantes de los cachorros.<\/p>\n\n\n\n<hr class=\"wp-block-separator\"\/>\n\n\n\n<h3>Juega y conecta<\/h3>\n\n\n\n<p>Pase tiempo de calidad abrazando, jugando y creando v\u00ednculos con los cachorros en un entorno seguro y supervisado.<\/p>\n<\/div>\n\n\n\n<div class=\"wp-block-column\">\n<h3>Conoce a los cachorros<\/h3>\n\n\n\n<p>Conozca nuestra camada actual de adorables y juguetones garabatos listos para compartir su alegr\u00eda.<\/p>\n\n\n\n<hr class=\"wp-block-separator\"\/>\n\n\n\n<h3>Captura recuerdos<\/h3>\n\n\n\n<p>Toma fotograf\u00edas y videos para recordar tu experiencia especial con estos incre\u00edbles cachorros.<\/p>\n<\/div>\n<\/div>\n\n\n\n<div style=\"height:38px\" aria-hidden=\"true\" class=\"wp-block-spacer\"><\/div>\n\n\n\n<h2 class=\"has-text-align-center\"><strong>Perfecto para cada ocasi\u00f3n<\/strong><\/h2>\n\n\n\n<div style=\"height:54px\" aria-hidden=\"true\" class=\"wp-block-spacer\"><\/div>\n\n\n\n<div class=\"wp-block-columns\">\n<div class=\"wp-block-column\">\n<h4 class=\"has-text-align-center\">Celebraciones de cumplea\u00f1os<\/h4>\n\n\n\n<p> Haga que el d\u00eda especial de su hijo sea inolvidable con abrazos de cachorro y diversi\u00f3n l\u00fadica.<\/p>\n<\/div>\n\n\n\n<div class=\"wp-block-column\">\n<h4 class=\"has-text-align-center\"> <strong> <\/strong>Reuniones familiares<\/h4>\n\n\n\n<p><\/p>\n\n\n\n<p class=\"has-text-align-center\"> Re\u00fana a sus seres queridos para vivir una experiencia conmovedora que todos recordar\u00e1n con cari\u00f1o. <\/p>\n<\/div>\n\n\n\n<div class=\"wp-block-column\">\n<h4 class=\"has-text-align-center\"><strong> <\/strong>Reuniones de amigos<strong> <\/strong><\/h4>\n\n\n\n<p><\/p>\n\n\n\n<p class=\"has-text-align-center\"> Cree recuerdos alegres con su tripulaci\u00f3n mientras apoya el desarrollo saludable de los cachorros.<\/p>\n<\/div>\n<\/div>\n\n\n\n<div style=\"height:27px\" aria-hidden=\"true\" class=\"wp-block-spacer\"><\/div>\n\n\n\n<div style=\"height:48px\" aria-hidden=\"true\" class=\"wp-block-spacer\"><\/div>\n\n\n\n<div class=\"wp-block-media-text alignwide is-stacked-on-mobile is-image-fill\"><figure class=\"wp-block-media-text__media\" style=\"background-image:url(http:\/\/californiadulcedoodles.com\/wp-content\/uploads\/2025\/12\/image3.jpeg);background-position:50% 50%\"><img loading=\"lazy\" width=\"480\" height=\"640\" src=\"http:\/\/californiadulcedoodles.com\/wp-content\/uploads\/2025\/12\/image3.jpeg\" alt=\"\" class=\"wp-image-2852 size-full\" srcset=\"https:\/\/californiadulcedoodles.com\/wp-content\/uploads\/2025\/12\/image3.jpeg 480w, https:\/\/californiadulcedoodles.com\/wp-content\/uploads\/2025\/12\/image3-225x300.jpeg 225w\" sizes=\"(max-width: 480px) 100vw, 480px\" \/><\/figure><div class=\"wp-block-media-text__content\">\n<div style=\"height:74px\" aria-hidden=\"true\" class=\"wp-block-spacer\"><\/div>\n\n\n\n<p class=\"has-large-font-size\">Por qu\u00e9 es importante la socializaci\u00f3n de los cachorros<\/p>\n\n\n\n<div style=\"height:33px\" aria-hidden=\"true\" class=\"wp-block-spacer\"><\/div>\n\n\n\n<p class=\"has-medium-font-size\"><strong>Desarrollo temprano<\/strong><\/p>\n\n\n\n<p>La ventana de socializaci\u00f3n cr\u00edtica ayuda a los cachorros a desarrollar confianza y adaptabilidad para la vida.<\/p>\n\n\n\n<hr class=\"wp-block-separator\"\/>\n\n\n\n<p class=\"has-medium-font-size\"><strong>Conexi\u00f3n humana<\/strong><\/p>\n\n\n\n<p>Las interacciones positivas ense\u00f1an a los cachorros a confiar, amar y vincularse con sus futuras familias.<\/p>\n\n\n\n<hr class=\"wp-block-separator\"\/>\n\n\n\n<p class=\"has-medium-font-size\"><strong>Listo para vivir siempre<\/strong><\/p>\n\n\n\n<p>Los cachorros bien socializados se adaptan sin problemas a hogares amorosos, lo que les brinda una alegr\u00eda duradera.<\/p>\n\n\n\n<div style=\"height:46px\" aria-hidden=\"true\" class=\"wp-block-spacer\"><\/div>\n\n\n\n<div style=\"height:56px\" aria-hidden=\"true\" class=\"wp-block-spacer\"><\/div>\n<\/div><\/div>\n\n\n\n<div class=\"wp-block-media-text alignwide has-media-on-the-right is-stacked-on-mobile is-image-fill\"><figure class=\"wp-block-media-text__media\" style=\"background-image:url(http:\/\/californiadulcedoodles.com\/wp-content\/uploads\/2025\/12\/image5.jpeg);background-position:50% 50%\"><img loading=\"lazy\" width=\"480\" height=\"640\" src=\"http:\/\/californiadulcedoodles.com\/wp-content\/uploads\/2025\/12\/image5.jpeg\" alt=\"\" class=\"wp-image-2848 size-full\" srcset=\"https:\/\/californiadulcedoodles.com\/wp-content\/uploads\/2025\/12\/image5.jpeg 480w, https:\/\/californiadulcedoodles.com\/wp-content\/uploads\/2025\/12\/image5-225x300.jpeg 225w\" sizes=\"(max-width: 480px) 100vw, 480px\" \/><\/figure><div class=\"wp-block-media-text__content\">\n<div style=\"height:74px\" aria-hidden=\"true\" class=\"wp-block-spacer\"><\/div>\n\n\n\n<p class=\"has-large-font-size\">\u00danase a nuestra comunidad<\/p>\n\n\n\n<div style=\"height:46px\" aria-hidden=\"true\" class=\"wp-block-spacer\"><\/div>\n\n\n\n<p>Estamos construyendo algo especial: una comunidad de amantes de los cachorros que creen en la crianza \u00e9tica, las experiencias alegres y el poder curativo de los abrazos de los cachorros.<\/p>\n\n\n\n<div style=\"height:46px\" aria-hidden=\"true\" class=\"wp-block-spacer\"><\/div>\n\n\n\n<p>Ya sea que est\u00e9 considerando reservar un evento o simplemente quiera alegrar su d\u00eda, nos encantar\u00eda darle la bienvenida a la familia California Dulce Doodles.<\/p>\n\n\n\n<div style=\"height:56px\" aria-hidden=\"true\" class=\"wp-block-spacer\"><\/div>\n<\/div><\/div>\n\n\n\n<div class=\"wp-block-media-text alignwide is-stacked-on-mobile is-image-fill\"><figure class=\"wp-block-media-text__media\" style=\"background-image:url(http:\/\/californiadulcedoodles.com\/wp-content\/uploads\/2025\/12\/image6.jpeg);background-position:50% 50%\"><img loading=\"lazy\" width=\"480\" height=\"640\" src=\"http:\/\/californiadulcedoodles.com\/wp-content\/uploads\/2025\/12\/image6.jpeg\" alt=\"\" class=\"wp-image-2851 size-full\" srcset=\"https:\/\/californiadulcedoodles.com\/wp-content\/uploads\/2025\/12\/image6.jpeg 480w, https:\/\/californiadulcedoodles.com\/wp-content\/uploads\/2025\/12\/image6-225x300.jpeg 225w\" sizes=\"(max-width: 480px) 100vw, 480px\" \/><\/figure><div class=\"wp-block-media-text__content\">\n<div style=\"height:72px\" aria-hidden=\"true\" class=\"wp-block-spacer\"><\/div>\n\n\n\n<p class=\"has-text-align-center has-text-color has-huge-font-size\" style=\"color:#619411\">Donde la felicidad se encuentra con el prop\u00f3sito<\/p>\n\n\n\n<div style=\"height:37px\" aria-hidden=\"true\" class=\"wp-block-spacer\"><\/div>\n\n\n\n<div style=\"height:37px\" aria-hidden=\"true\" class=\"wp-block-spacer\"><\/div>\n\n\n\n<p class=\"has-medium-font-size\">Reserve hoy su cita de juego para cachorros o su fiesta para cachorros y experimente la alegr\u00eda inolvidable de California Dulce Doodles.<\/p>\n\n\n\n<p><\/p>\n\n\n\n<div style=\"height:37px\" aria-hidden=\"true\" class=\"wp-block-spacer\"><\/div>\n\n\n\n<p>\u201cEs un hermoso intercambio de energ\u00eda positiva en una experiencia inolvidable\u201d.<\/p>\n\n\n\n<div style=\"height:37px\" aria-hidden=\"true\" class=\"wp-block-spacer\"><\/div>\n<\/div><\/div>\n\n\n\n<hr class=\"wp-block-separator\"\/>\n\n\n<div class=\"wpforms-container wpforms-container-full\" id=\"wpforms-2845\"><form id=\"wpforms-form-2845\" class=\"wpforms-validate wpforms-form wpforms-ajax-form\" data-formid=\"2845\" method=\"post\" enctype=\"multipart\/form-data\" action=\"\/index.php\/wp-json\/wp\/v2\/pages\/2959\" data-token=\"5e040ab7d3c43e3475c2869d085a0f27\"><noscript class=\"wpforms-error-noscript\">Please enable JavaScript in your browser to complete this form.<\/noscript><div class=\"wpforms-field-container\"><div id=\"wpforms-2845-field_0-container\" class=\"wpforms-field wpforms-field-name\" data-field-id=\"0\"><label class=\"wpforms-field-label\" for=\"wpforms-2845-field_0\">Nombre <span class=\"wpforms-required-label\">*<\/span><\/label><input type=\"text\" id=\"wpforms-2845-field_0\" class=\"wpforms-field-medium wpforms-field-required\" name=\"wpforms[fields][0]\" required><\/div><div id=\"wpforms-2845-field_4-container\" class=\"wpforms-field wpforms-field-text\" data-field-id=\"4\"><label class=\"wpforms-field-label\" for=\"wpforms-2845-field_4\">Evento que desea :<\/label><input type=\"text\" id=\"wpforms-2845-field_4\" class=\"wpforms-field-medium\" name=\"wpforms[fields][4]\" ><\/div><div id=\"wpforms-2845-field_5-container\" class=\"wpforms-field wpforms-field-text\" data-field-id=\"5\"><label class=\"wpforms-field-label\" for=\"wpforms-2845-field_5\">Dia del Evento :<\/label><input type=\"text\" id=\"wpforms-2845-field_5\" class=\"wpforms-field-medium\" name=\"wpforms[fields][5]\" ><\/div><div id=\"wpforms-2845-field_3-container\" class=\"wpforms-field wpforms-field-number\" data-field-id=\"3\"><label class=\"wpforms-field-label\" for=\"wpforms-2845-field_3\">Numero de Invitados :<\/label><input type=\"number\" pattern=\"\\d*\" id=\"wpforms-2845-field_3\" class=\"wpforms-field-medium\" name=\"wpforms[fields][3]\" ><\/div><div id=\"wpforms-2845-field_1-container\" class=\"wpforms-field wpforms-field-email\" data-field-id=\"1\"><label class=\"wpforms-field-label\" for=\"wpforms-2845-field_1\">Email <span class=\"wpforms-required-label\">*<\/span><\/label><input type=\"email\" id=\"wpforms-2845-field_1\" class=\"wpforms-field-medium wpforms-field-required\" name=\"wpforms[fields][1]\" required><\/div><div id=\"wpforms-2845-field_2-container\" class=\"wpforms-field wpforms-field-textarea\" data-field-id=\"2\"><label class=\"wpforms-field-label\" for=\"wpforms-2845-field_2\">Comentario o Mensaje <span class=\"wpforms-required-label\">*<\/span><\/label><textarea id=\"wpforms-2845-field_2\" class=\"wpforms-field-medium wpforms-field-required\" name=\"wpforms[fields][2]\" required><\/textarea><\/div><\/div><div class=\"wpforms-submit-container\" ><input type=\"hidden\" name=\"wpforms[id]\" value=\"2845\"><input type=\"hidden\" name=\"wpforms[author]\" value=\"1\"><button type=\"submit\" name=\"wpforms[submit]\" class=\"wpforms-submit \" id=\"wpforms-submit-2845\" value=\"wpforms-submit\" aria-live=\"assertive\" data-alt-text=\"Sending...\" data-submit-text=\"Enviar\">Enviar<\/button><img src=\"https:\/\/californiadulcedoodles.com\/wp-content\/plugins\/wpforms-lite\/assets\/images\/submit-spin.svg\" class=\"wpforms-submit-spinner\" style=\"display: none;\" width=\"26\" height=\"26\" alt=\"\"><\/div><\/form><\/div>  <!-- .wpforms-container -->","protected":false},"excerpt":{"rendered":"<p>\u00bfQu\u00e9 hace que nuestros eventos sean especiales? Criado con amor Cada cachorro es criado con intenci\u00f3n, cuidado y pr\u00e1cticas de crianza \u00e9ticas desde el primer d\u00eda. Pura felicidad Experimente el aumento natural del estado de \u00e1nimo que se produce al interactuar con cachorros juguetones y cari\u00f1osos. Crecimiento social Observa c\u00f3mo los cachorros desarrollan habilidades sociales [&hellip;]<\/p>\n","protected":false},"author":1,"featured_media":0,"parent":0,"menu_order":0,"comment_status":"closed","ping_status":"closed","template":"","meta":{"om_disable_all_campaigns":false,"_monsterinsights_skip_tracking":false,"_monsterinsights_sitenote_active":false,"_monsterinsights_sitenote_note":"","_monsterinsights_sitenote_category":0},"uagb_featured_image_src":{"full":false,"thumbnail":false,"medium":false,"medium_large":false,"large":false,"1536x1536":false,"2048x2048":false,"pet-animal-store-homepage-thumb":false},"uagb_author_info":{"display_name":"California","author_link":"https:\/\/californiadulcedoodles.com\/index.php\/author\/california\/"},"uagb_comment_info":0,"uagb_excerpt":"\u00bfQu\u00e9 hace que nuestros eventos sean especiales? Criado con amor Cada cachorro es criado con intenci\u00f3n, cuidado y pr\u00e1cticas de crianza \u00e9ticas desde el primer d\u00eda. Pura felicidad Experimente el aumento natural del estado de \u00e1nimo que se produce al interactuar con cachorros juguetones y cari\u00f1osos. Crecimiento social Observa c\u00f3mo los cachorros desarrollan habilidades sociales&hellip;","_links":{"self":[{"href":"https:\/\/californiadulcedoodles.com\/index.php\/wp-json\/wp\/v2\/pages\/2959"}],"collection":[{"href":"https:\/\/californiadulcedoodles.com\/index.php\/wp-json\/wp\/v2\/pages"}],"about":[{"href":"https:\/\/californiadulcedoodles.com\/index.php\/wp-json\/wp\/v2\/types\/page"}],"author":[{"embeddable":true,"href":"https:\/\/californiadulcedoodles.com\/index.php\/wp-json\/wp\/v2\/users\/1"}],"replies":[{"embeddable":true,"href":"https:\/\/californiadulcedoodles.com\/index.php\/wp-json\/wp\/v2\/comments?post=2959"}],"version-history":[{"count":20,"href":"https:\/\/californiadulcedoodles.com\/index.php\/wp-json\/wp\/v2\/pages\/2959\/revisions"}],"predecessor-version":[{"id":2991,"href":"https:\/\/californiadulcedoodles.com\/index.php\/wp-json\/wp\/v2\/pages\/2959\/revisions\/2991"}],"wp:attachment":[{"href":"https:\/\/californiadulcedoodles.com\/index.php\/wp-json\/wp\/v2\/media?parent=2959"}],"curies":[{"name":"wp","href":"https:\/\/api.w.org\/{rel}","templated":true}]}}